{"id":1693,"date":"2026-03-11T18:22:07","date_gmt":"2026-03-11T17:22:07","guid":{"rendered":"https:\/\/www.mpartners-finance.com\/home\/"},"modified":"2026-04-08T11:18:03","modified_gmt":"2026-04-08T09:18:03","slug":"startseite","status":"publish","type":"page","link":"https:\/\/www.mpartners-finance.com\/de\/","title":{"rendered":"Startseite"},"content":{"rendered":"<div class=\"et_pb_section_0 et_pb_section et_section_regular et_flex_section\">\n<div class=\"et_pb_row_0 et_pb_row et_flex_row preset--module--divi-row--2n46cmn44t\">\n<div class=\"et_pb_column_0 et_pb_column et-last-child et_flex_column et_pb_css_mix_blend_mode_passthrough et_flex_column_24_24 et_flex_column_24_24_tablet et_flex_column_24_24_phone et_flex_column_24_24_phoneWide et_flex_column_24_24_tabletWide et_flex_column_24_24_widescreen et_flex_column_24_24_ultraWide\">\n<div class=\"et_pb_slider_0 et_pb_slider et_pb_slider_fullwidth_off et_pb_slider_no_arrows et_pb_slider_no_pagination et_slider_auto et_slider_auto_ignore_hover et_slider_speed_7000 et_pb_module et_flex_module\"><div class=\"et_pb_slides\">\n<div class=\"et_pb_slide_0 et_pb_slide et_pb_media_alignment_center et_pb_bg_layout_light et_pb_section_parallax\" data-slide-id=\"divi\/slide-0\"><span class=\"et-pb-parallax-wrapper\"><span class=\"et-pb-parallax-background et-pb-parallax-background-module--divi-slide-0\" style=\"background-image:url(https:\/\/www.mpartners-finance.com\/wp-content\/uploads\/2026\/03\/M-Partners-Finance-SA-Sfondo-Home.avif);background-color:var(--gcid-xyam1zsrvu);background-blend-mode:overlay\"><\/span><\/span><div class=\"et_pb_container\"><div class=\"et_pb_slider_container_inner\"><div class=\"et_pb_slide_description et_flex_module\"><h1 class=\"et_pb_slide_title\">M & Partners Finance SA<\/h1><div class=\"et_pb_slide_content\"><p>&nbsp;<\/p>\n<p>Unabh\u00e4ngige Verm\u00f6gensverwaltungsgesellschaft und Boutique Family Office.<\/p>\n<p>Bewilligt und beaufsichtigt durch die FINMA, die Eidgen\u00f6ssische Finanzmarktaufsich.<\/p>\n<\/div><\/div><\/div><\/div><\/div>\n\n<div class=\"et_pb_slide_1 et_pb_slide et_pb_media_alignment_center et_pb_bg_layout_dark et_pb_text_align_center et_pb_section_parallax\" data-slide-id=\"divi\/slide-1\"><span class=\"et-pb-parallax-wrapper\"><span class=\"et-pb-parallax-background et-pb-parallax-background-module--divi-slide-1\" style=\"background-image:url(https:\/\/www.mpartners-finance.com\/wp-content\/uploads\/2026\/03\/M-Partners-Finance-SA-Sfondo-Home-2.avif);background-color:var(--gcid-xyam1zsrvu);background-blend-mode:overlay\"><\/span><\/span><div class=\"et_pb_container\"><div class=\"et_pb_slider_container_inner\"><div class=\"et_pb_slide_description et_flex_module\"><h1 class=\"et_pb_slide_title\">M & Partners Finance SA<\/h1><div class=\"et_pb_slide_content\"><p>&nbsp;<\/p>\n<p>Unabh\u00e4ngige Verm\u00f6gensverwaltungsgesellschaft und Boutique Family Office.<\/p>\n<p>Bewilligt und beaufsichtigt durch die FINMA, die Eidgen\u00f6ssische Finanzmarktaufsich.<\/p>\n<\/div><\/div><\/div><\/div><\/div>\n<\/div><\/div>\n<\/div>\n<\/div>\n<\/div>\n\n<div class=\"et_pb_section_1 et_pb_section et_section_regular et_block_section\">\n<div class=\"et_pb_row_1 et_pb_row et_block_row preset--module--divi-row--e1esqk6xh6\">\n<div class=\"et_pb_column_1 et_pb_column et_pb_column_4_4 et-last-child et_block_column et_pb_css_mix_blend_mode_passthrough\">\n<div class=\"et_pb_code_0 et_pb_code et_pb_module\"><div class=\"et_pb_code_inner\"><nav aria-label=\"breadcrumbs\" class=\"rank-math-breadcrumb\"><p><span class=\"last\">Home<\/span><\/p><\/nav><\/div><\/div>\n<\/div>\n<\/div>\n<\/div>\n\n<div class=\"et_pb_section_2 et_pb_section et_section_regular et_flex_section preset--group--divi-section--divi-layout--nested--mf9eg9jynv preset--module--divi-section--hqgpknoegl\">\n<div class=\"et_pb_row_2 et_pb_row et_flex_row preset--module--divi-row--e1esqk6xh6\">\n<div class=\"et_pb_column_2 et_pb_column et-last-child et_flex_column et_pb_css_mix_blend_mode_passthrough et_flex_column_24_24 et_flex_column_24_24_tablet et_flex_column_24_24_phone et_flex_column_24_24_phoneWide et_flex_column_24_24_tabletWide et_flex_column_24_24_widescreen et_flex_column_24_24_ultraWide preset--group--divi-column--divi-layout--nested--dg66j0gdqp preset--module--divi-column--puzjwmi6hz\">\n<div class=\"et_pb_group_0 et_pb_group et_pb_module et_flex_group et_pb_css_mix_blend_mode_passthrough\">\n<div class=\"et_pb_heading_0 et_pb_heading et_pb_module et_flex_module preset--module--divi-heading--acz58cgf76\"><div class=\"et_pb_heading_container\"><h2 class=\"et_pb_module_header\">M & Partners Finance SA<\/h2><\/div>\n<div class=\"et_pb_text_0 et_pb_text et_pb_bg_layout_light et_pb_module et_flex_module preset--module--divi-text--mgi0t6kqb0\"><div class=\"et_pb_text_inner\"><p>Unser Finanzmanagement- und Managementteam verf\u00fcgt im Durchschnitt \u00fcber 35 Jahre Erfahrung im Finanzsektor.<\/p>\n<p>Unsere Erfahrung und unser gesammeltes Know-how erm\u00f6glichen es uns, unter allen Marktbedingungen effektiv zu agieren und die besten Anlagel\u00f6sungen zu entwickeln und umzusetzen, die auf die spezifischen Bed\u00fcrfnisse jedes Kunden zugeschnitten sind.<\/p>\n<\/div><\/div>\n\n<div class=\"et_pb_module et_pb_button_module_wrapper et_pb_button_0_wrapper preset--module--divi-button--pq1jyn8044_wrapper\"><a class=\"et_pb_button_0 et_pb_button et_pb_bg_layout_light et_pb_module et_flex_module preset--module--divi-button--pq1jyn8044\" href=\"https:\/\/www.mpartners-finance.com\/de\/uber-uns\/\">Das Unternehmen<\/a><\/div>\n<\/div>\n<\/div>\n\n<div class=\"et_pb_image_0 et_pb_image et_pb_module et_flex_module\"><span class=\"et_pb_image_wrap\"><img loading=\"lazy\" decoding=\"async\" src=\"https:\/\/www.mpartners-finance.com\/wp-content\/uploads\/2026\/03\/M-Partners-Finance-SA-Sfondo-Chi-Siamo.avif\" alt=\"M &amp; Partners Finance SA Sfondo Chi Siamo\" title=\"M-&amp;-Partners-Finance-SA-Sfondo-Chi-Siamo\" width=\"1920\" height=\"1280\" srcset=\"https:\/\/www.mpartners-finance.com\/wp-content\/uploads\/2026\/03\/M-Partners-Finance-SA-Sfondo-Chi-Siamo.avif 1920w, https:\/\/www.mpartners-finance.com\/wp-content\/uploads\/2026\/03\/M-Partners-Finance-SA-Sfondo-Chi-Siamo-300x200.avif 300w, https:\/\/www.mpartners-finance.com\/wp-content\/uploads\/2026\/03\/M-Partners-Finance-SA-Sfondo-Chi-Siamo-1024x683.avif 1024w, https:\/\/www.mpartners-finance.com\/wp-content\/uploads\/2026\/03\/M-Partners-Finance-SA-Sfondo-Chi-Siamo-768x512.avif 768w, https:\/\/www.mpartners-finance.com\/wp-content\/uploads\/2026\/03\/M-Partners-Finance-SA-Sfondo-Chi-Siamo-1536x1024.avif 1536w, https:\/\/www.mpartners-finance.com\/wp-content\/uploads\/2026\/03\/M-Partners-Finance-SA-Sfondo-Chi-Siamo-1080x720.avif 1080w, https:\/\/www.mpartners-finance.com\/wp-content\/uploads\/2026\/03\/M-Partners-Finance-SA-Sfondo-Chi-Siamo-1280x853.avif 1280w, https:\/\/www.mpartners-finance.com\/wp-content\/uploads\/2026\/03\/M-Partners-Finance-SA-Sfondo-Chi-Siamo-980x653.avif 980w, https:\/\/www.mpartners-finance.com\/wp-content\/uploads\/2026\/03\/M-Partners-Finance-SA-Sfondo-Chi-Siamo-480x320.avif 480w\" sizes=\"(max-width: 1920px) 100vw, 1920px\" class=\"wp-image-1329\" \/><\/span><\/div>\n<\/div>\n<\/div>\n\n<div class=\"et_pb_row_3 et_pb_row et_flex_row preset--module--divi-row--e1esqk6xh6\">\n<div class=\"et_pb_column_3 et_pb_column et-last-child et_flex_column et_pb_css_mix_blend_mode_passthrough et_flex_column_24_24 et_flex_column_24_24_tablet et_flex_column_24_24_phone et_flex_column_24_24_phoneWide et_flex_column_24_24_tabletWide et_flex_column_24_24_widescreen et_flex_column_24_24_ultraWide\">\n<div class=\"et_pb_heading_1 et_pb_heading et_pb_module et_flex_module preset--module--divi-heading--aecq5mjqou\"><div class=\"et_pb_heading_container\"><h3 class=\"et_pb_module_header\">Was wir bieten<\/h3><\/div><\/div>\n<\/div>\n<\/div>\n\n<div class=\"et_pb_row_4 et_pb_row et_flex_row preset--module--divi-row--e1esqk6xh6\">\n<div class=\"et_pb_column_4 et_pb_column et-last-child et_flex_column et_pb_css_mix_blend_mode_passthrough et_flex_column_24_24 et_flex_column_24_24_tablet et_flex_column_24_24_phone et_flex_column_24_24_phoneWide et_flex_column_24_24_tabletWide et_flex_column_24_24_widescreen et_flex_column_24_24_ultraWide preset--group--divi-column--divi-layout--nested--dg66j0gdqp preset--module--divi-column--puzjwmi6hz\">\n<div class=\"et_pb_blurb_0 et_pb_blurb et_pb_bg_layout_light et_pb_blurb_position_top et_pb_module et_flex_module preset--module--divi-blurb--a5avxpllq1\"><div class=\"et_pb_blurb_content et_flex_module\"><div class=\"et_pb_main_blurb_image\"><span class=\"et_pb_image_wrap\"><span class=\"et-pb-icon et_animated et_animated\">\uf12e<\/span><\/span><\/div><div class=\"et_pb_blurb_container\"><h4 class=\"et_pb_module_header\">Personalisierung<\/h4><div class=\"et_pb_blurb_description\"><p>Wir bei <strong>M &amp; Partners Finance SA<\/strong> glauben, dass unsere Kunden einzigartige, ma\u00dfgeschneiderte und anspruchsvolle L\u00f6sungen verdienen, im Gegensatz zum Trend des Finanzsektors und den st\u00e4ndigen Versuchen zur Industrialisierung und Vereinfachung.<\/p>\n<\/div><\/div><\/div><\/div>\n\n<div class=\"et_pb_blurb_1 et_pb_blurb et_pb_bg_layout_light et_pb_blurb_position_top et_pb_module et_flex_module preset--module--divi-blurb--a5avxpllq1\"><div class=\"et_pb_blurb_content et_flex_module\"><div class=\"et_pb_main_blurb_image\"><span class=\"et_pb_image_wrap\"><span class=\"et-pb-icon et_animated et_animated\">\uf577<\/span><\/span><\/div><div class=\"et_pb_blurb_container\"><h4 class=\"et_pb_module_header\">Einzigartigkeit<\/h4><div class=\"et_pb_blurb_description\"><p>Wir unterst\u00fctzen und unterst\u00fctzen unsere Kunden bei jeder Entscheidung, die sie treffen, und k\u00fcmmern uns um ihre Bed\u00fcrfnisse und Anforderungen durch einen evolution\u00e4ren und unabh\u00e4ngigen Service, der auf ihren finanziellen Zielen basiert.<\/p>\n<\/div><\/div><\/div><\/div>\n<\/div>\n<\/div>\n\n<div class=\"et_pb_row_5 et_pb_row et_flex_row preset--module--divi-row--e1esqk6xh6\">\n<div class=\"et_pb_column_5 et_pb_column et-last-child et_flex_column et_pb_css_mix_blend_mode_passthrough et_flex_column_24_24 et_flex_column_24_24_tablet et_flex_column_24_24_phone et_flex_column_24_24_phoneWide et_flex_column_24_24_tabletWide et_flex_column_24_24_widescreen et_flex_column_24_24_ultraWide preset--group--divi-column--divi-layout--nested--dg66j0gdqp preset--module--divi-column--puzjwmi6hz\">\n<div class=\"et_pb_blurb_2 et_pb_blurb et_pb_bg_layout_light et_pb_blurb_position_top et_pb_module et_flex_module preset--module--divi-blurb--a5avxpllq1\"><div class=\"et_pb_blurb_content et_flex_module\"><div class=\"et_pb_main_blurb_image\"><span class=\"et_pb_image_wrap\"><span class=\"et-pb-icon et_animated et_animated\">\uf505<\/span><\/span><\/div><div class=\"et_pb_blurb_container\"><h4 class=\"et_pb_module_header\">Schutz<\/h4><div class=\"et_pb_blurb_description\"><p>Der Schutz des Verm\u00f6gens unserer Kunden und eine kontinuierliche Risikobewertung sind die Leitprinzipien aller unserer Entscheidungen und Dienstleistungen.<\/p>\n<\/div><\/div><\/div><\/div>\n\n<div class=\"et_pb_blurb_3 et_pb_blurb et_pb_bg_layout_light et_pb_blurb_position_top et_pb_module et_flex_module preset--module--divi-blurb--a5avxpllq1\"><div class=\"et_pb_blurb_content et_flex_module\"><div class=\"et_pb_main_blurb_image\"><span class=\"et_pb_image_wrap\"><span class=\"et-pb-icon et_animated et_animated\">\uf688<\/span><\/span><\/div><div class=\"et_pb_blurb_container\"><h4 class=\"et_pb_module_header\">Transparenz<\/h4><div class=\"et_pb_blurb_description\"><p>Als unabh\u00e4ngige Organisation haben wir Zugang zu erstklassigen und institutionellen Banken in mehreren internationalen Finanzzentren.<\/p>\n<p>Wir verhandeln die besten Konditionen ohne jegliche Interessenkonflikte und liefern vollst\u00e4ndige und transparente Analysen der tats\u00e4chlichen Kosten.<\/p>\n<\/div><\/div><\/div><\/div>\n<\/div>\n<\/div>\n\n<div class=\"et_pb_row_6 et_pb_row et_flex_row\">\n<div class=\"et_pb_column_6 et_pb_column et-last-child et_flex_column et_pb_css_mix_blend_mode_passthrough et_flex_column_24_24 et_flex_column_24_24_tablet et_flex_column_24_24_phone et_flex_column_24_24_phoneWide et_flex_column_24_24_tabletWide et_flex_column_24_24_widescreen et_flex_column_24_24_ultraWide\">\n<div class=\"et_pb_module et_pb_button_module_wrapper et_pb_button_1_wrapper preset--module--divi-button--pq1jyn8044_wrapper\"><a class=\"et_pb_button_1 et_pb_button et_pb_bg_layout_light et_pb_module et_flex_module preset--module--divi-button--pq1jyn8044\" href=\"https:\/\/www.mpartners-finance.com\/de\/partners\/\">Unsere Partner<\/a><\/div>\n<\/div>\n<\/div>\n<\/div>\n\n<div class=\"et_pb_section_3 et_pb_section et_section_regular et_flex_section preset--group--divi-section--divi-layout--nested--mf9eg9jynv preset--module--divi-section--hqgpknoegl\">\n<div class=\"et_pb_row_7 et_pb_row et_flex_row preset--module--divi-row--e1esqk6xh6\">\n<div class=\"et_pb_column_7 et_pb_column et-last-child et_flex_column et_pb_css_mix_blend_mode_passthrough et_flex_column_24_24 et_flex_column_24_24_tablet et_flex_column_24_24_phone et_flex_column_24_24_phoneWide et_flex_column_24_24_tabletWide et_flex_column_24_24_widescreen et_flex_column_24_24_ultraWide\">\n<div class=\"et_pb_heading_2 et_pb_heading et_pb_module et_flex_module preset--module--divi-heading--aecq5mjqou\"><div class=\"et_pb_heading_container\"><h3 class=\"et_pb_module_header\">Unter Aufsicht von<\/h3><\/div><\/div>\n<\/div>\n<\/div>\n\n<div class=\"et_pb_row_8 et_pb_row et_flex_row preset--module--divi-row--e1esqk6xh6\">\n<div class=\"et_pb_column_8 et_pb_column et-last-child et_flex_column et_pb_css_mix_blend_mode_passthrough et_flex_column_24_24 et_flex_column_24_24_tablet et_flex_column_24_24_phone et_flex_column_24_24_phoneWide et_flex_column_24_24_tabletWide et_flex_column_24_24_widescreen et_flex_column_24_24_ultraWide preset--group--divi-column--divi-layout--nested--dg66j0gdqp preset--module--divi-column--puzjwmi6hz\">\n<div class=\"et_pb_image_1 et_pb_image et_pb_module et_block_module\"><a href=\"https:\/\/www.aoos.ch\/it\" target=\"_blank\" rel=\"noopener\"><span class=\"et_pb_image_wrap\"><img loading=\"lazy\" decoding=\"async\" src=\"https:\/\/www.mpartners-finance.com\/wp-content\/uploads\/2026\/03\/Logo-AOOS.png\" width=\"400\" height=\"250\" srcset=\"https:\/\/www.mpartners-finance.com\/wp-content\/uploads\/2026\/03\/Logo-AOOS.png 400w, https:\/\/www.mpartners-finance.com\/wp-content\/uploads\/2026\/03\/Logo-AOOS-300x188.png 300w\" sizes=\"(max-width: 400px) 100vw, 400px\" class=\"wp-image-1129\" alt=\"Logo AOOS\" title=\"Logo-AOOS\" \/><\/span><\/a><\/div>\n\n<div class=\"et_pb_image_2 et_pb_image et_pb_module et_block_module\"><a href=\"https:\/\/www.vsv-asg.ch\/it\/\" target=\"_blank\" rel=\"noopener\"><span class=\"et_pb_image_wrap\"><img loading=\"lazy\" decoding=\"async\" src=\"https:\/\/www.mpartners-finance.com\/wp-content\/uploads\/2026\/03\/Logo-VSV-ASG.png\" width=\"400\" height=\"250\" srcset=\"https:\/\/www.mpartners-finance.com\/wp-content\/uploads\/2026\/03\/Logo-VSV-ASG.png 400w, https:\/\/www.mpartners-finance.com\/wp-content\/uploads\/2026\/03\/Logo-VSV-ASG-300x188.png 300w\" sizes=\"(max-width: 400px) 100vw, 400px\" class=\"wp-image-1130\" alt=\"Logo VSV ASG\" title=\"Logo-VSV-ASG\" \/><\/span><\/a><\/div>\n<\/div>\n<\/div>\n<\/div>\n\n<div class=\"et_pb_section_4 et_pb_section et_section_regular et_flex_section preset--group--divi-section--divi-layout--nested--mf9eg9jynv preset--module--divi-section--hqgpknoegl\">\n<div class=\"et_pb_row_9 et_pb_row et_flex_row preset--module--divi-row--e1esqk6xh6\">\n<div class=\"et_pb_column_9 et_pb_column et-last-child et_flex_column et_pb_css_mix_blend_mode_passthrough et_flex_column_24_24 et_flex_column_24_24_tablet et_flex_column_24_24_phone et_flex_column_24_24_phoneWide et_flex_column_24_24_tabletWide et_flex_column_24_24_widescreen et_flex_column_24_24_ultraWide\">\n<div class=\"et_pb_heading_3 et_pb_heading et_pb_module et_flex_module preset--module--divi-heading--aecq5mjqou\"><div class=\"et_pb_heading_container\"><h3 class=\"et_pb_module_header\">Dienstleistungen<\/h3><\/div><\/div>\n<\/div>\n<\/div>\n\n<div class=\"et_pb_row_10 et_pb_row et_flex_row preset--module--divi-row--e1esqk6xh6\">\n<div class=\"et_pb_column_10 et_pb_column et-last-child et_flex_column et_pb_css_mix_blend_mode_passthrough et_flex_column_24_24 et_flex_column_24_24_tablet et_flex_column_24_24_phone et_flex_column_24_24_phoneWide et_flex_column_24_24_tabletWide et_flex_column_24_24_widescreen et_flex_column_24_24_ultraWide preset--group--divi-column--divi-layout--nested--dg66j0gdqp preset--module--divi-column--puzjwmi6hz\">\n<div class=\"et_pb_blurb_4 et_pb_blurb et_pb_bg_layout_light et_pb_blurb_position_top et_pb_module et_flex_module preset--module--divi-blurb--a5avxpllq1\"><div class=\"et_pb_blurb_content et_flex_module\"><div class=\"et_pb_main_blurb_image\"><span class=\"et_pb_image_wrap\"><span class=\"et-pb-icon et_animated et_animated\">\uf0c0<\/span><\/span><\/div><div class=\"et_pb_blurb_container\"><h4 class=\"et_pb_module_header\">Family Office<\/h4><div class=\"et_pb_blurb_description\"><p>Wir bieten unseren Kunden die n\u00f6tige Unterst\u00fctzung bei Familienentscheidungen und helfen ihnen, ihre Ersparnisse und Investitionen zu sch\u00fctzen, zu optimieren und zu vermehren.<\/p>\n<ul>\n<li>Erbschafts- und Versicherungsplanung.<\/li>\n<li>Steueroptimierung: national und international.<\/li>\n<\/ul>\n<\/div><\/div><\/div><\/div>\n\n<div class=\"et_pb_blurb_5 et_pb_blurb et_pb_bg_layout_light et_pb_blurb_position_top et_pb_module et_flex_module preset--module--divi-blurb--a5avxpllq1\"><div class=\"et_pb_blurb_content et_flex_module\"><div class=\"et_pb_main_blurb_image\"><span class=\"et_pb_image_wrap\"><span class=\"et-pb-icon et_animated et_animated\">\uf4c0<\/span><\/span><\/div><div class=\"et_pb_blurb_container\"><h4 class=\"et_pb_module_header\">Verm\u00f6gensverwaltung<\/h4><div class=\"et_pb_blurb_description\"><p>Wir bieten Finanzl\u00f6sungen, die auf die Bed\u00fcrfnisse jedes einzelnen Kunden zugeschnitten sind, und personalisierte Strategien mit dem Ziel, Marktchancen zu maximieren und Risiken im Zusammenhang mit der Portfoliovolatilit\u00e4t zu minimieren.<\/p>\n<ul>\n<li>Verwaltung und Gesamtanalyse des Kundenverm\u00f6gens.<\/li>\n<li>Detaillierte Analyse der Strukturkosten.<\/li>\n<li>Analyse und Optimierung des Risiko-Rendite-Profils.<\/li>\n<\/ul>\n<\/div><\/div><\/div><\/div>\n<\/div>\n<\/div>\n\n<div class=\"et_pb_row_11 et_pb_row et_flex_row\">\n<div class=\"et_pb_column_11 et_pb_column et-last-child et_flex_column et_pb_css_mix_blend_mode_passthrough et_flex_column_24_24 et_flex_column_24_24_tablet et_flex_column_24_24_phone et_flex_column_24_24_phoneWide et_flex_column_24_24_tabletWide et_flex_column_24_24_widescreen et_flex_column_24_24_ultraWide\">\n<div class=\"et_pb_module et_pb_button_module_wrapper et_pb_button_2_wrapper preset--module--divi-button--pq1jyn8044_wrapper\"><a class=\"et_pb_button_2 et_pb_button et_pb_bg_layout_light et_pb_module et_flex_module preset--module--divi-button--pq1jyn8044\" href=\"https:\/\/www.mpartners-finance.com\/de\/dienstleistungen\/\">Unsere Leistungen<\/a><\/div>\n<\/div>\n<\/div>\n<\/div>\n\n","protected":false},"excerpt":{"rendered":"","protected":false},"author":2,"featured_media":1694,"parent":0,"menu_order":0,"comment_status":"closed","ping_status":"closed","template":"","meta":{"footnotes":""},"class_list":["post-1693","page","type-page","status-publish","has-post-thumbnail","hentry"],"_links":{"self":[{"href":"https:\/\/www.mpartners-finance.com\/de\/wp-json\/wp\/v2\/pages\/1693","targetHints":{"allow":["GET"]}}],"collection":[{"href":"https:\/\/www.mpartners-finance.com\/de\/wp-json\/wp\/v2\/pages"}],"about":[{"href":"https:\/\/www.mpartners-finance.com\/de\/wp-json\/wp\/v2\/types\/page"}],"author":[{"embeddable":true,"href":"https:\/\/www.mpartners-finance.com\/de\/wp-json\/wp\/v2\/users\/2"}],"replies":[{"embeddable":true,"href":"https:\/\/www.mpartners-finance.com\/de\/wp-json\/wp\/v2\/comments?post=1693"}],"version-history":[{"count":1,"href":"https:\/\/www.mpartners-finance.com\/de\/wp-json\/wp\/v2\/pages\/1693\/revisions"}],"predecessor-version":[{"id":2123,"href":"https:\/\/www.mpartners-finance.com\/de\/wp-json\/wp\/v2\/pages\/1693\/revisions\/2123"}],"wp:featuredmedia":[{"embeddable":true,"href":"https:\/\/www.mpartners-finance.com\/de\/wp-json\/wp\/v2\/media\/1694"}],"wp:attachment":[{"href":"https:\/\/www.mpartners-finance.com\/de\/wp-json\/wp\/v2\/media?parent=1693"}],"curies":[{"name":"wp","href":"https:\/\/api.w.org\/{rel}","templated":true}]}}