{"id":1717,"date":"2026-03-11T18:22:50","date_gmt":"2026-03-11T17:22:50","guid":{"rendered":"https:\/\/www.mpartners-finance.com\/servizi\/"},"modified":"2026-04-07T11:11:35","modified_gmt":"2026-04-07T09:11:35","slug":"dienstleistungen","status":"publish","type":"page","link":"https:\/\/www.mpartners-finance.com\/de\/dienstleistungen\/","title":{"rendered":"Dienstleistungen"},"content":{"rendered":"<div class=\"et_pb_section_0 et_pb_section et_section_regular et_block_section preset--group--divi-section--divi-layout--nested--mf9eg9jynv preset--module--divi-section--hqgpknoegl\">\n<div class=\"et_pb_row_0 et_pb_row et_block_row preset--module--divi-row--e1esqk6xh6\">\n<div class=\"et_pb_column_0 et_pb_column et_pb_column_4_4 et-last-child et_block_column et_pb_css_mix_blend_mode_passthrough\">\n<div class=\"et_pb_group_0 et_pb_group et-last-child et_pb_module et_flex_group et_pb_css_mix_blend_mode_passthrough\">\n<div class=\"et_pb_heading_0 et_pb_heading et_pb_module et_flex_module preset--module--divi-heading--c66c7e13v5\"><div class=\"et_pb_heading_container\"><h1 class=\"et_pb_module_header\">Dienstleistungen<\/h1><\/div>\n<div class=\"et_pb_text_0 et_pb_text et_pb_bg_layout_light et_pb_module et_flex_module preset--module--divi-text--mgi0t6kqb0\"><div class=\"et_pb_text_inner\"><p>Unsere Leistungen<\/p>\n<\/div><\/div>\n<\/div>\n<\/div>\n<\/div>\n<\/div>\n<\/div>\n\n<div class=\"et_pb_section_1 et_pb_section et_section_regular et_block_section et_clickable\">\n<div class=\"et_pb_row_1 et_pb_row et_block_row preset--module--divi-row--e1esqk6xh6\">\n<div class=\"et_pb_column_1 et_pb_column et_pb_column_4_4 et-last-child et_block_column et_pb_css_mix_blend_mode_passthrough\">\n<div class=\"et_pb_code_0 et_pb_code et_pb_module\"><div class=\"et_pb_code_inner\"><nav aria-label=\"breadcrumbs\" class=\"rank-math-breadcrumb\"><p><span class=\"last\">Home<\/span><\/p><\/nav><\/div><\/div>\n<\/div>\n<\/div>\n<\/div>\n\n<div class=\"et_pb_section_2 et_pb_section et_section_regular et_flex_section preset--group--divi-section--divi-layout--nested--mf9eg9jynv preset--module--divi-section--hqgpknoegl\">\n<div class=\"et_pb_row_2 et_pb_row et_flex_row preset--module--divi-row--e1esqk6xh6\">\n<div class=\"et_pb_column_2 et_pb_column et-last-child et_flex_column et_pb_css_mix_blend_mode_passthrough et_flex_column_24_24 et_flex_column_24_24_tablet et_flex_column_24_24_phone et_flex_column_24_24_phoneWide et_flex_column_24_24_tabletWide et_flex_column_24_24_widescreen et_flex_column_24_24_ultraWide preset--group--divi-column--divi-layout--nested--dg66j0gdqp preset--module--divi-column--puzjwmi6hz\">\n<div class=\"et_pb_blurb_0 et_pb_blurb et_pb_bg_layout_light et_pb_blurb_position_top et_pb_module et_flex_module preset--module--divi-blurb--rf5c5rtht8\"><div class=\"et_pb_blurb_content et_flex_module\"><div class=\"et_pb_main_blurb_image\"><span class=\"et_pb_image_wrap\"><span class=\"et-pb-icon et_animated et_animated\">\uf0c0<\/span><\/span><\/div><div class=\"et_pb_blurb_container\"><h2 class=\"et_pb_module_header\">Family Office<\/h2><div class=\"et_pb_blurb_description\"><p>Wir bieten unseren Kunden die n\u00f6tige Unterst\u00fctzung bei Familienentscheidungen und helfen ihnen, ihre Ersparnisse und Investitionen zu sch\u00fctzen, zu optimieren und zu vermehren.<\/p>\n<ul>\n<li>Erbschafts- und Versicherungsplanung.<\/li>\n<li>Steueroptimierung: national und international.<\/li>\n<\/ul>\n<\/div><\/div><\/div><\/div>\n\n<div class=\"et_pb_blurb_1 et_pb_blurb et_pb_bg_layout_light et_pb_blurb_position_top et_pb_module et_flex_module preset--module--divi-blurb--rf5c5rtht8\"><div class=\"et_pb_blurb_content et_flex_module\"><div class=\"et_pb_main_blurb_image\"><span class=\"et_pb_image_wrap\"><span class=\"et-pb-icon et_animated et_animated\">\uf4c0<\/span><\/span><\/div><div class=\"et_pb_blurb_container\"><h2 class=\"et_pb_module_header\">Verm\u00f6gensverwaltung<\/h2><div class=\"et_pb_blurb_description\"><p>Wir bieten Finanzl\u00f6sungen, die auf die Bed\u00fcrfnisse jedes einzelnen Kunden zugeschnitten sind, und personalisierte Strategien mit dem Ziel, Marktchancen zu maximieren und Risiken im Zusammenhang mit der Portfoliovolatilit\u00e4t zu minimieren.<\/p>\n<ul>\n<li>Verwaltung und Gesamtanalyse des Kundenverm\u00f6gens.<\/li>\n<li>Detaillierte Analyse der Strukturkosten.<\/li>\n<li>Analyse und Optimierung des Risiko-Rendite-Profils.<\/li>\n<\/ul>\n<\/div><\/div><\/div><\/div>\n<\/div>\n<\/div>\n<\/div>\n\n<div class=\"et_pb_section_3 et_pb_section et_section_regular et_flex_section preset--module--divi-section--nugz4l800u\">\n<div class=\"et_pb_row_3 et_pb_row et_flex_row\">\n<div class=\"et_pb_column_3 et_pb_column et-last-child et_flex_column et_pb_css_mix_blend_mode_passthrough et_flex_column_24_24 et_flex_column_24_24_tablet et_flex_column_24_24_phone et_flex_column_24_24_phoneWide et_flex_column_24_24_tabletWide et_flex_column_24_24_widescreen et_flex_column_24_24_ultraWide\">\n<div class=\"et_pb_heading_1 et_pb_heading et_pb_module et_flex_module preset--module--divi-heading--aecq5mjqou\"><div class=\"et_pb_heading_container\"><h3 class=\"et_pb_module_header\">Ein einziger Zugang, um alles zu verwalten<\/h3><\/div><\/div>\n<\/div>\n<\/div>\n<\/div>\n\n<div class=\"et_pb_section_4 et_pb_section et_section_regular et_flex_section preset--group--divi-section--divi-layout--nested--mf9eg9jynv preset--module--divi-section--hqgpknoegl\">\n<div class=\"et_pb_row_4 et_pb_row et_flex_row preset--module--divi-row--e1esqk6xh6\">\n<div class=\"et_pb_column_4 et_pb_column et-last-child et_flex_column et_pb_css_mix_blend_mode_passthrough et_flex_column_24_24 et_flex_column_24_24_tablet et_flex_column_24_24_phone et_flex_column_24_24_phoneWide et_flex_column_24_24_tabletWide et_flex_column_24_24_widescreen et_flex_column_24_24_ultraWide preset--group--divi-column--divi-layout--nested--dg66j0gdqp preset--module--divi-column--puzjwmi6hz\">\n<div class=\"et_pb_blurb_2 et_pb_blurb et_pb_bg_layout_light et_pb_blurb_position_top et_pb_module et_flex_module preset--module--divi-blurb--a5avxpllq1\"><div class=\"et_pb_blurb_content et_flex_module\"><div class=\"et_pb_main_blurb_image\"><span class=\"et_pb_image_wrap\"><span class=\"et-pb-icon et_animated et_animated\">\uf0ac<\/span><\/span><\/div><div class=\"et_pb_blurb_container\"><h4 class=\"et_pb_module_header\">Geografische Unabh\u00e4ngigkeit<\/h4><div class=\"et_pb_blurb_description\"><p>Offshore- und Onshore-Banking-L\u00f6sungen in erstklassigen und stabilen Jurisdiktionen (Schweiz, Singapur, Liechtenstein, Monaco, \u2026), die vollst\u00e4ndige geografische Unabh\u00e4ngigkeit erm\u00f6glichen.<\/p>\n<\/div><\/div><\/div><\/div>\n\n<div class=\"et_pb_blurb_3 et_pb_blurb et_pb_bg_layout_light et_pb_blurb_position_top et_pb_module et_flex_module preset--module--divi-blurb--a5avxpllq1\"><div class=\"et_pb_blurb_content et_flex_module\"><div class=\"et_pb_main_blurb_image\"><span class=\"et_pb_image_wrap\"><span class=\"et-pb-icon et_animated et_animated\">\uf085<\/span><\/span><\/div><div class=\"et_pb_blurb_container\"><h4 class=\"et_pb_module_header\">Personalisierte Anlageverwaltung und -schutz<\/h4><div class=\"et_pb_blurb_description\"><ul>\n<li>Traditionelle und komplexe Finanzanlagen.<\/li>\n<li>Immobilien.<\/li>\n<li>Hypotheken.<\/li>\n<li>Investitionen in Luxus durch zuverl\u00e4ssige Partner und direkte Kontakte, vom Privatjet bis zu den wichtigsten Werften der Welt.<\/li>\n<li>Kryptow\u00e4hrungsinvestitionen, die von branchenf\u00fchrenden Depotbanken gehalten werden.<\/li>\n<\/ul>\n<\/div><\/div><\/div><\/div>\n<\/div>\n<\/div>\n\n<div class=\"et_pb_row_5 et_pb_row et_flex_row preset--module--divi-row--e1esqk6xh6\">\n<div class=\"et_pb_column_5 et_pb_column et-last-child et_flex_column et_pb_css_mix_blend_mode_passthrough et_flex_column_24_24 et_flex_column_24_24_tablet et_flex_column_24_24_phone et_flex_column_24_24_phoneWide et_flex_column_24_24_tabletWide et_flex_column_24_24_widescreen et_flex_column_24_24_ultraWide preset--group--divi-column--divi-layout--nested--dg66j0gdqp preset--module--divi-column--puzjwmi6hz\">\n<div class=\"et_pb_blurb_4 et_pb_blurb et_pb_bg_layout_light et_pb_blurb_position_top et_pb_module et_flex_module preset--module--divi-blurb--a5avxpllq1\"><div class=\"et_pb_blurb_content et_flex_module\"><div class=\"et_pb_main_blurb_image\"><span class=\"et_pb_image_wrap\"><span class=\"et-pb-icon et_animated et_animated\">\uf66f<\/span><\/span><\/div><div class=\"et_pb_blurb_container\"><h4 class=\"et_pb_module_header\">Unabh\u00e4ngigkeit von Banken<\/h4><div class=\"et_pb_blurb_description\"><ul>\n<li>Privilegierter Zugang zu Prim\u00e4rbanken.<\/li>\n<li>Zusammenarbeit mit den besten internationalen Spezialisten.<\/li>\n<li>Realkostenanalyse und -optimierung.<\/li>\n<li>Kreditkarten.<\/li>\n<\/ul>\n<\/div><\/div><\/div><\/div>\n\n<div class=\"et_pb_blurb_5 et_pb_blurb et_pb_bg_layout_light et_pb_blurb_position_top et_pb_module et_flex_module preset--module--divi-blurb--a5avxpllq1\"><div class=\"et_pb_blurb_content et_flex_module\"><div class=\"et_pb_main_blurb_image\"><span class=\"et_pb_image_wrap\"><span class=\"et-pb-icon et_animated et_animated\">\ue0f2<\/span><\/span><\/div><div class=\"et_pb_blurb_container\"><h4 class=\"et_pb_module_header\">Erbschaftsplanung und Steuereffizienz<\/h4><div class=\"et_pb_blurb_description\"><ul>\n<li>Steueroptimierung.<\/li>\n<li>Versicherungsl\u00f6sungen und Verm\u00f6gensschutz.<\/li>\n<\/ul>\n<\/div><\/div><\/div><\/div>\n<\/div>\n<\/div>\n\n<div class=\"et_pb_row_6 et_pb_row et_flex_row\">\n<div class=\"et_pb_column_6 et_pb_column et-last-child et_flex_column et_pb_css_mix_blend_mode_passthrough et_flex_column_24_24 et_flex_column_24_24_tablet et_flex_column_24_24_phone et_flex_column_24_24_phoneWide et_flex_column_24_24_tabletWide et_flex_column_24_24_widescreen et_flex_column_24_24_ultraWide\">\n<div class=\"et_pb_module et_pb_button_module_wrapper et_pb_button_0_wrapper preset--module--divi-button--pq1jyn8044_wrapper\"><a class=\"et_pb_button_0 et_pb_button et_pb_bg_layout_light et_pb_module et_flex_module preset--module--divi-button--pq1jyn8044\" href=\"https:\/\/www.mpartners-finance.com\/de\/kontakt\/\">Kontaktieren Sie uns<\/a><\/div>\n<\/div>\n<\/div>\n<\/div>","protected":false},"excerpt":{"rendered":"","protected":false},"author":2,"featured_media":1718,"parent":0,"menu_order":0,"comment_status":"closed","ping_status":"closed","template":"","meta":{"footnotes":""},"class_list":["post-1717","page","type-page","status-publish","has-post-thumbnail","hentry"],"_links":{"self":[{"href":"https:\/\/www.mpartners-finance.com\/de\/wp-json\/wp\/v2\/pages\/1717","targetHints":{"allow":["GET"]}}],"collection":[{"href":"https:\/\/www.mpartners-finance.com\/de\/wp-json\/wp\/v2\/pages"}],"about":[{"href":"https:\/\/www.mpartners-finance.com\/de\/wp-json\/wp\/v2\/types\/page"}],"author":[{"embeddable":true,"href":"https:\/\/www.mpartners-finance.com\/de\/wp-json\/wp\/v2\/users\/2"}],"replies":[{"embeddable":true,"href":"https:\/\/www.mpartners-finance.com\/de\/wp-json\/wp\/v2\/comments?post=1717"}],"version-history":[{"count":0,"href":"https:\/\/www.mpartners-finance.com\/de\/wp-json\/wp\/v2\/pages\/1717\/revisions"}],"wp:featuredmedia":[{"embeddable":true,"href":"https:\/\/www.mpartners-finance.com\/de\/wp-json\/wp\/v2\/media\/1718"}],"wp:attachment":[{"href":"https:\/\/www.mpartners-finance.com\/de\/wp-json\/wp\/v2\/media?parent=1717"}],"curies":[{"name":"wp","href":"https:\/\/api.w.org\/{rel}","templated":true}]}}