{"id":1934,"date":"2026-03-24T15:30:12","date_gmt":"2026-03-24T14:30:12","guid":{"rendered":"https:\/\/www.mpartners-finance.com\/dichiarazione-di-accessibilita\/"},"modified":"2026-04-07T11:11:36","modified_gmt":"2026-04-07T09:11:36","slug":"erklaerung-zur-barrierefreiheit","status":"publish","type":"page","link":"https:\/\/www.mpartners-finance.com\/de\/erklaerung-zur-barrierefreiheit\/","title":{"rendered":"Erkl\u00e4rung zur Barrierefreiheit"},"content":{"rendered":"<div class=\"et_pb_section_0 et_pb_section et_section_regular et_block_section preset--group--divi-section--divi-layout--hp3jn2g--nested--mf9eg9jynv preset--module--divi-section--hqgpknoegl\">\n<div class=\"et_pb_row_0 et_pb_row et_block_row preset--module--divi-row--e1esqk6xh6\">\n<div class=\"et_pb_column_0 et_pb_column et_pb_column_4_4 et-last-child et_block_column et_pb_css_mix_blend_mode_passthrough\">\n<div class=\"et_pb_group_0 et_pb_group et-last-child et_pb_module et_flex_group et_pb_css_mix_blend_mode_passthrough\">\n<div class=\"et_pb_heading_0 et_pb_heading et_pb_module et_flex_module preset--module--divi-heading--c66c7e13v5\"><div class=\"et_pb_heading_container\"><h1 class=\"et_pb_module_header\">Erkl\u00e4rung zur Barrierefreiheit<\/h1><\/div>\n<div class=\"et_pb_text_0 et_pb_text et_pb_bg_layout_light et_pb_module et_flex_module preset--module--divi-text--mgi0t6kqb0\"><div class=\"et_pb_text_inner\"><p>Unsere Erkl\u00e4rung zur Barrierefreiheit<\/p>\n<\/div><\/div>\n<\/div>\n<\/div>\n<\/div>\n<\/div>\n<\/div>\n\n<div class=\"et_pb_section_1 et_pb_section et_section_regular et_block_section\">\n<div class=\"et_pb_row_1 et_pb_row et_block_row preset--module--divi-row--e1esqk6xh6\">\n<div class=\"et_pb_column_1 et_pb_column et_pb_column_4_4 et-last-child et_block_column et_pb_css_mix_blend_mode_passthrough\">\n<div class=\"et_pb_code_0 et_pb_code et_pb_module\"><div class=\"et_pb_code_inner\"><nav aria-label=\"breadcrumbs\" class=\"rank-math-breadcrumb\"><p><span class=\"last\">Home<\/span><\/p><\/nav><\/div><\/div>\n<\/div>\n<\/div>\n<\/div>\n\n<div class=\"et_pb_section_2 et_pb_section et_section_regular et_flex_section preset--group--divi-section--divi-layout--hp3jn2g--nested--mf9eg9jynv preset--module--divi-section--hqgpknoegl\">\n<div class=\"et_pb_row_2 et_pb_row et_flex_row preset--module--divi-row--e1esqk6xh6\">\n<div class=\"et_pb_column_2 et_pb_column et-last-child et_flex_column et_pb_css_mix_blend_mode_passthrough et_flex_column_24_24 et_flex_column_24_24_tablet et_flex_column_24_24_phone et_flex_column_24_24_phoneWide et_flex_column_24_24_tabletWide et_flex_column_24_24_widescreen et_flex_column_24_24_ultraWide\">\n<div class=\"et_pb_text_1 et_pb_text et_pb_bg_layout_light et_pb_module et_flex_module preset--module--divi-text--mgi0t6kqb0\"><div class=\"et_pb_text_inner\"><p><strong>M &amp; Partners Finance SA<\/strong> verpflichtet sich, ihre Website barrierefrei zu gestalten, gem\u00e4\u00df den <strong>WCAG 2.1 \u2013 Stufe AA<\/strong> und dem European Accessibility Act (EAA) (in Kraft seit dem 28. Juni 2025).<\/p>\n<\/div><\/div>\n\n<div class=\"et_pb_heading_1 et_pb_heading et_pb_module et_flex_module preset--module--divi-heading--acz58cgf76\"><div class=\"et_pb_heading_container\"><h2 class=\"et_pb_module_header\">Geltungsbereich<\/h2><\/div><\/div>\n\n<div class=\"et_pb_text_2 et_pb_text et_pb_bg_layout_light et_pb_module et_flex_module preset--module--divi-text--mgi0t6kqb0\"><div class=\"et_pb_text_inner\"><p>Diese Erkl\u00e4rung gilt f\u00fcr die Website: <strong>https:\/\/www.mpartners-finance.com\/<\/strong><\/p>\n<\/div><\/div>\n\n<div class=\"et_pb_heading_2 et_pb_heading et_pb_module et_flex_module preset--module--divi-heading--acz58cgf76\"><div class=\"et_pb_heading_container\"><h2 class=\"et_pb_module_header\">Konformit\u00e4tsstatus<\/h2><\/div><\/div>\n\n<div class=\"et_pb_text_3 et_pb_text et_pb_bg_layout_light et_pb_module et_flex_module preset--module--divi-text--mgi0t6kqb0\"><div class=\"et_pb_text_inner\"><p>Die Website ist <strong>teilweise konform<\/strong> mit <strong>UNI EN 301549:2018 (WCAG 2.1)<\/strong> und WCAG 2.0, aufgrund der folgenden Einschr\u00e4nkungen.<\/p>\n<p>Umgesetzte Ma\u00dfnahmen<\/p>\n<ul>\n<li>Klare und verst\u00e4ndliche Sprache<\/li>\n<li>Responsives Layout f\u00fcr alle Ger\u00e4te<\/li>\n<li>Ausreichende Farbkontraste<\/li>\n<li>Tastaturnavigation aktiviert<\/li>\n<li>Kompatibilit\u00e4t mit Screenreadern<\/li>\n<li>Alternativtexte f\u00fcr wichtige Bilder<\/li>\n<li>Tests durch automatische Tools und manuelle Pr\u00fcfungen<\/li>\n<\/ul>\n<blockquote>\n<p>Hinweis: Offiziell wird die Konformit\u00e4t mit <strong>Stufe AA<\/strong> erkl\u00e4rt.<\/p>\n<\/blockquote>\n<\/div><\/div>\n\n<div class=\"et_pb_heading_3 et_pb_heading et_pb_module et_flex_module preset--module--divi-heading--aecq5mjqou\"><div class=\"et_pb_heading_container\"><h3 class=\"et_pb_module_header\">Nicht barrierefreie Inhalte<\/h3><\/div><\/div>\n\n<div class=\"et_pb_text_4 et_pb_text et_pb_bg_layout_light et_pb_module et_flex_module preset--module--divi-text--mgi0t6kqb0\"><div class=\"et_pb_text_inner\"><p>Alcune aree del sito potrebbero non essere ancora pienamente accessibili.<\/p>\n<p>In particolare:<\/p>\n<ul>\n<li>Alcuni documenti PDF potrebbero non essere compatibili con le tecnologie assistive<\/li>\n<li>Video incorporati da terze parti potrebbero non includere sottotitoli o trascrizioni<\/li>\n<li>Alcuni elementi dinamici potrebbero richiedere ulteriori miglioramenti in termini di semantica ARIA<\/li>\n<\/ul>\n<p>Stiamo lavorando costantemente per risolvere queste criticit\u00e0.<\/p>\n<\/div><\/div>\n\n<div class=\"et_pb_heading_4 et_pb_heading et_pb_module et_flex_module preset--module--divi-heading--aecq5mjqou\"><div class=\"et_pb_heading_container\"><h3 class=\"et_pb_module_header\">Recepimento dell\u2019European Accessibility Act (EAA)<\/h3><\/div><\/div>\n\n<div class=\"et_pb_text_5 et_pb_text et_pb_bg_layout_light et_pb_module et_flex_module preset--module--divi-text--mgi0t6kqb0\"><div class=\"et_pb_text_inner\"><p>Einige Inhalte sind m\u00f6glicherweise nicht vollst\u00e4ndig zug\u00e4nglich:<\/p>\n<ul>\n<li>Interoperabilit\u00e4t mit assistiven Technologien<\/li>\n<li>Einfachen Zugang zu Inhalten und Diensten<\/li>\n<li>Barrierefreiheit f\u00fcr Menschen mit Behinderungen<\/li>\n<\/ul>\n<p>Diese Erkl\u00e4rung wird aktualisiert.<\/p>\n<\/div><\/div>\n\n<div class=\"et_pb_heading_5 et_pb_heading et_pb_module et_flex_module preset--module--divi-heading--aecq5mjqou\"><div class=\"et_pb_heading_container\"><h3 class=\"et_pb_module_header\">Diese Erkl\u00e4rung wird aktualisiert.<\/h3><\/div><\/div>\n\n<div class=\"et_pb_text_6 et_pb_text et_pb_bg_layout_light et_pb_module et_flex_module preset--module--divi-text--mgi0t6kqb0\"><div class=\"et_pb_text_inner\"><p>Datum: <strong>2. April 2026<\/strong><\/p>\n<p>Methode: <strong>Interne Selbstbewertung<\/strong><\/p>\n<\/div><\/div>\n\n<div class=\"et_pb_heading_6 et_pb_heading et_pb_module et_flex_module preset--module--divi-heading--2xgv7fyzzp\"><div class=\"et_pb_heading_container\"><h4 class=\"et_pb_module_header\">Kontakt<\/h4><\/div><\/div>\n\n<div class=\"et_pb_text_7 et_pb_text et_pb_bg_layout_light et_pb_module et_flex_module preset--module--divi-text--mgi0t6kqb0\"><div class=\"et_pb_text_inner\"><p>Email:<span> <strong>segreteria@mpartners-finance.com<\/strong><\/span><\/p>\n<p>Antwortzeit: <strong>15 Werktage<\/strong><\/p>\n<\/div><\/div>\n\n<div class=\"et_pb_heading_7 et_pb_heading et_pb_module et_flex_module preset--module--divi-heading--2xgv7fyzzp\"><div class=\"et_pb_heading_container\"><h4 class=\"et_pb_module_header\">Technische Informationen<\/h4><\/div><\/div>\n\n<div class=\"et_pb_text_8 et_pb_text et_pb_bg_layout_light et_pb_module et_flex_module preset--module--divi-text--mgi0t6kqb0\"><div class=\"et_pb_text_inner\"><ul>\n<li>CMS: WordPress<\/li>\n<li>Entwicklung: L + V Design<\/li>\n<\/ul>\n<\/div><\/div>\n<\/div>\n<\/div>\n<\/div>","protected":false},"excerpt":{"rendered":"","protected":false},"author":2,"featured_media":0,"parent":0,"menu_order":0,"comment_status":"closed","ping_status":"closed","template":"","meta":{"footnotes":""},"class_list":["post-1934","page","type-page","status-publish","hentry"],"_links":{"self":[{"href":"https:\/\/www.mpartners-finance.com\/de\/wp-json\/wp\/v2\/pages\/1934","targetHints":{"allow":["GET"]}}],"collection":[{"href":"https:\/\/www.mpartners-finance.com\/de\/wp-json\/wp\/v2\/pages"}],"about":[{"href":"https:\/\/www.mpartners-finance.com\/de\/wp-json\/wp\/v2\/types\/page"}],"author":[{"embeddable":true,"href":"https:\/\/www.mpartners-finance.com\/de\/wp-json\/wp\/v2\/users\/2"}],"replies":[{"embeddable":true,"href":"https:\/\/www.mpartners-finance.com\/de\/wp-json\/wp\/v2\/comments?post=1934"}],"version-history":[{"count":0,"href":"https:\/\/www.mpartners-finance.com\/de\/wp-json\/wp\/v2\/pages\/1934\/revisions"}],"wp:attachment":[{"href":"https:\/\/www.mpartners-finance.com\/de\/wp-json\/wp\/v2\/media?parent=1934"}],"curies":[{"name":"wp","href":"https:\/\/api.w.org\/{rel}","templated":true}]}}