{"id":1691,"date":"2026-03-11T18:22:07","date_gmt":"2026-03-11T17:22:07","guid":{"rendered":"https:\/\/www.mpartners-finance.com\/home\/"},"modified":"2026-04-08T11:04:34","modified_gmt":"2026-04-08T09:04:34","slug":"home","status":"publish","type":"page","link":"https:\/\/www.mpartners-finance.com\/fr\/","title":{"rendered":"Home"},"content":{"rendered":"<div class=\"et_pb_section_0 et_pb_section et_section_regular et_flex_section\">\n<div class=\"et_pb_row_0 et_pb_row et_flex_row preset--module--divi-row--2n46cmn44t\">\n<div class=\"et_pb_column_0 et_pb_column et-last-child et_flex_column et_pb_css_mix_blend_mode_passthrough et_flex_column_24_24 et_flex_column_24_24_tablet et_flex_column_24_24_phone et_flex_column_24_24_phoneWide et_flex_column_24_24_tabletWide et_flex_column_24_24_widescreen et_flex_column_24_24_ultraWide\">\n<div class=\"et_pb_slider_0 et_pb_slider et_pb_slider_fullwidth_off et_pb_slider_no_arrows et_pb_slider_no_pagination et_slider_auto et_slider_auto_ignore_hover et_slider_speed_7000 et_pb_module et_flex_module\"><div class=\"et_pb_slides\">\n<div class=\"et_pb_slide_0 et_pb_slide et_pb_media_alignment_center et_pb_bg_layout_light et_pb_section_parallax\" data-slide-id=\"divi\/slide-0\"><span class=\"et-pb-parallax-wrapper\"><span class=\"et-pb-parallax-background et-pb-parallax-background-module--divi-slide-0\" style=\"background-image:url(https:\/\/www.mpartners-finance.com\/wp-content\/uploads\/2026\/03\/M-Partners-Finance-SA-Sfondo-Home.avif);background-color:var(--gcid-xyam1zsrvu);background-blend-mode:overlay\"><\/span><\/span><div class=\"et_pb_container\"><div class=\"et_pb_slider_container_inner\"><div class=\"et_pb_slide_description et_flex_module\"><h1 class=\"et_pb_slide_title\">M & Partners Finance SA<\/h1><div class=\"et_pb_slide_content\"><p>&nbsp;<\/p>\n<p>Soci\u00e9t\u00e9 de gestion de patrimoine ind\u00e9pendante et un Family Office boutique.<\/p>\n<p>Agr\u00e9\u00e9 et surveill\u00e9 par la FINMA, l'autorit\u00e9 f\u00e9d\u00e9rale de surveillance des march\u00e9s financiers.<\/p>\n<\/div><\/div><\/div><\/div><\/div>\n\n<div class=\"et_pb_slide_1 et_pb_slide et_pb_media_alignment_center et_pb_bg_layout_dark et_pb_text_align_center et_pb_section_parallax\" data-slide-id=\"divi\/slide-1\"><span class=\"et-pb-parallax-wrapper\"><span class=\"et-pb-parallax-background et-pb-parallax-background-module--divi-slide-1\" style=\"background-image:url(https:\/\/www.mpartners-finance.com\/wp-content\/uploads\/2026\/03\/M-Partners-Finance-SA-Sfondo-Home-2.avif);background-color:var(--gcid-xyam1zsrvu);background-blend-mode:overlay\"><\/span><\/span><div class=\"et_pb_container\"><div class=\"et_pb_slider_container_inner\"><div class=\"et_pb_slide_description et_flex_module\"><h1 class=\"et_pb_slide_title\">M & Partners Finance SA<\/h1><div class=\"et_pb_slide_content\"><p>&nbsp;<\/p>\n<p>Soci\u00e9t\u00e9 de gestion de patrimoine ind\u00e9pendante et un Family Office boutique.<\/p>\n<p>Agr\u00e9\u00e9 et surveill\u00e9 par la FINMA, l'autorit\u00e9 f\u00e9d\u00e9rale de surveillance des march\u00e9s financiers.<\/p>\n<\/div><\/div><\/div><\/div><\/div>\n<\/div><\/div>\n<\/div>\n<\/div>\n<\/div>\n\n<div class=\"et_pb_section_1 et_pb_section et_section_regular et_block_section\">\n<div class=\"et_pb_row_1 et_pb_row et_block_row preset--module--divi-row--e1esqk6xh6\">\n<div class=\"et_pb_column_1 et_pb_column et_pb_column_4_4 et-last-child et_block_column et_pb_css_mix_blend_mode_passthrough\">\n<div class=\"et_pb_code_0 et_pb_code et_pb_module\"><div class=\"et_pb_code_inner\"><nav aria-label=\"breadcrumbs\" class=\"rank-math-breadcrumb\"><p><span class=\"last\">Home<\/span><\/p><\/nav><\/div><\/div>\n<\/div>\n<\/div>\n<\/div>\n\n<div class=\"et_pb_section_2 et_pb_section et_section_regular et_flex_section preset--group--divi-section--divi-layout--nested--mf9eg9jynv preset--module--divi-section--hqgpknoegl\">\n<div class=\"et_pb_row_2 et_pb_row et_flex_row preset--module--divi-row--e1esqk6xh6\">\n<div class=\"et_pb_column_2 et_pb_column et-last-child et_flex_column et_pb_css_mix_blend_mode_passthrough et_flex_column_24_24 et_flex_column_24_24_tablet et_flex_column_24_24_phone et_flex_column_24_24_phoneWide et_flex_column_24_24_tabletWide et_flex_column_24_24_widescreen et_flex_column_24_24_ultraWide preset--group--divi-column--divi-layout--nested--dg66j0gdqp preset--module--divi-column--puzjwmi6hz\">\n<div class=\"et_pb_group_0 et_pb_group et_pb_module et_flex_group et_pb_css_mix_blend_mode_passthrough\">\n<div class=\"et_pb_heading_0 et_pb_heading et_pb_module et_flex_module preset--module--divi-heading--acz58cgf76\"><div class=\"et_pb_heading_container\"><h2 class=\"et_pb_module_header\">M & Partners Finance SA<\/h2><\/div>\n<div class=\"et_pb_text_0 et_pb_text et_pb_bg_layout_light et_pb_module et_flex_module preset--module--divi-text--mgi0t6kqb0\"><div class=\"et_pb_text_inner\"><p><span>Notre \u00e9quipe de gestion financi\u00e8re et de direction poss\u00e8de en moyenne 35 ans d\u2019exp\u00e9rience dans le secteur financier. <\/span><\/p>\n<p><span>Notre exp\u00e9rience et notre savoir-faire accumul\u00e9 nous permettent d'op\u00e9rer efficacement dans toutes les conditions de march\u00e9, nous permettant de d\u00e9velopper et de mettre en \u0153uvre les meilleures solutions d'investissement, adapt\u00e9es aux besoins sp\u00e9cifiques de chaque client.<\/span><\/p>\n<\/div><\/div>\n\n<div class=\"et_pb_module et_pb_button_module_wrapper et_pb_button_0_wrapper preset--module--divi-button--pq1jyn8044_wrapper\"><a class=\"et_pb_button_0 et_pb_button et_pb_bg_layout_light et_pb_module et_flex_module preset--module--divi-button--pq1jyn8044\" href=\"https:\/\/www.mpartners-finance.com\/fr\/a-propos\/\">La soci\u00e9t\u00e9<\/a><\/div>\n<\/div>\n<\/div>\n\n<div class=\"et_pb_image_0 et_pb_image et_pb_module et_flex_module\"><span class=\"et_pb_image_wrap\"><img loading=\"lazy\" decoding=\"async\" src=\"https:\/\/www.mpartners-finance.com\/wp-content\/uploads\/2026\/03\/M-Partners-Finance-SA-Sfondo-Chi-Siamo.avif\" alt=\"M &amp; Partners Finance SA Sfondo Chi Siamo\" title=\"M-&amp;-Partners-Finance-SA-Sfondo-Chi-Siamo\" width=\"1920\" height=\"1280\" srcset=\"https:\/\/www.mpartners-finance.com\/wp-content\/uploads\/2026\/03\/M-Partners-Finance-SA-Sfondo-Chi-Siamo.avif 1920w, https:\/\/www.mpartners-finance.com\/wp-content\/uploads\/2026\/03\/M-Partners-Finance-SA-Sfondo-Chi-Siamo-300x200.avif 300w, https:\/\/www.mpartners-finance.com\/wp-content\/uploads\/2026\/03\/M-Partners-Finance-SA-Sfondo-Chi-Siamo-1024x683.avif 1024w, https:\/\/www.mpartners-finance.com\/wp-content\/uploads\/2026\/03\/M-Partners-Finance-SA-Sfondo-Chi-Siamo-768x512.avif 768w, https:\/\/www.mpartners-finance.com\/wp-content\/uploads\/2026\/03\/M-Partners-Finance-SA-Sfondo-Chi-Siamo-1536x1024.avif 1536w, https:\/\/www.mpartners-finance.com\/wp-content\/uploads\/2026\/03\/M-Partners-Finance-SA-Sfondo-Chi-Siamo-1080x720.avif 1080w, https:\/\/www.mpartners-finance.com\/wp-content\/uploads\/2026\/03\/M-Partners-Finance-SA-Sfondo-Chi-Siamo-1280x853.avif 1280w, https:\/\/www.mpartners-finance.com\/wp-content\/uploads\/2026\/03\/M-Partners-Finance-SA-Sfondo-Chi-Siamo-980x653.avif 980w, https:\/\/www.mpartners-finance.com\/wp-content\/uploads\/2026\/03\/M-Partners-Finance-SA-Sfondo-Chi-Siamo-480x320.avif 480w\" sizes=\"(max-width: 1920px) 100vw, 1920px\" class=\"wp-image-1329\" \/><\/span><\/div>\n<\/div>\n<\/div>\n\n<div class=\"et_pb_row_3 et_pb_row et_flex_row preset--module--divi-row--e1esqk6xh6\">\n<div class=\"et_pb_column_3 et_pb_column et-last-child et_flex_column et_pb_css_mix_blend_mode_passthrough et_flex_column_24_24 et_flex_column_24_24_tablet et_flex_column_24_24_phone et_flex_column_24_24_phoneWide et_flex_column_24_24_tabletWide et_flex_column_24_24_widescreen et_flex_column_24_24_ultraWide\">\n<div class=\"et_pb_heading_1 et_pb_heading et_pb_module et_flex_module preset--module--divi-heading--aecq5mjqou\"><div class=\"et_pb_heading_container\"><h3 class=\"et_pb_module_header\">Ce que nous proposons<\/h3><\/div><\/div>\n<\/div>\n<\/div>\n\n<div class=\"et_pb_row_4 et_pb_row et_flex_row preset--module--divi-row--e1esqk6xh6\">\n<div class=\"et_pb_column_4 et_pb_column et-last-child et_flex_column et_pb_css_mix_blend_mode_passthrough et_flex_column_24_24 et_flex_column_24_24_tablet et_flex_column_24_24_phone et_flex_column_24_24_phoneWide et_flex_column_24_24_tabletWide et_flex_column_24_24_widescreen et_flex_column_24_24_ultraWide preset--group--divi-column--divi-layout--nested--dg66j0gdqp preset--module--divi-column--puzjwmi6hz\">\n<div class=\"et_pb_blurb_0 et_pb_blurb et_pb_bg_layout_light et_pb_blurb_position_top et_pb_module et_flex_module preset--module--divi-blurb--a5avxpllq1\"><div class=\"et_pb_blurb_content et_flex_module\"><div class=\"et_pb_main_blurb_image\"><span class=\"et_pb_image_wrap\"><span class=\"et-pb-icon et_animated et_animated\">\uf12e<\/span><\/span><\/div><div class=\"et_pb_blurb_container\"><h4 class=\"et_pb_module_header\">Personnalisation<\/h4><div class=\"et_pb_blurb_description\"><p>Chez <strong>M &amp; Partners Finance SA,<\/strong> <span>nous croyons que nos clients m\u00e9ritent des solutions uniques, personnalis\u00e9es et sophistiqu\u00e9es, en contraste avec les intensifs et continus efforts d\u2019industrialisation et de digitalisation du secteur financier.<\/span><\/p>\n<\/div><\/div><\/div><\/div>\n\n<div class=\"et_pb_blurb_1 et_pb_blurb et_pb_bg_layout_light et_pb_blurb_position_top et_pb_module et_flex_module preset--module--divi-blurb--a5avxpllq1\"><div class=\"et_pb_blurb_content et_flex_module\"><div class=\"et_pb_main_blurb_image\"><span class=\"et_pb_image_wrap\"><span class=\"et-pb-icon et_animated et_animated\">\uf577<\/span><\/span><\/div><div class=\"et_pb_blurb_container\"><h4 class=\"et_pb_module_header\">Unicit\u00e9<\/h4><div class=\"et_pb_blurb_description\"><p><span>Nous soutenons et assistons le Client dans chacune de ses d\u00e9cisions, en prenant en charge ses besoins et ses exigences, tout en offrant un service exclusif en constante \u00e9volution sur la base de ses objectifs financiers.<\/span><\/p>\n<\/div><\/div><\/div><\/div>\n<\/div>\n<\/div>\n\n<div class=\"et_pb_row_5 et_pb_row et_flex_row preset--module--divi-row--e1esqk6xh6\">\n<div class=\"et_pb_column_5 et_pb_column et-last-child et_flex_column et_pb_css_mix_blend_mode_passthrough et_flex_column_24_24 et_flex_column_24_24_tablet et_flex_column_24_24_phone et_flex_column_24_24_phoneWide et_flex_column_24_24_tabletWide et_flex_column_24_24_widescreen et_flex_column_24_24_ultraWide preset--group--divi-column--divi-layout--nested--dg66j0gdqp preset--module--divi-column--puzjwmi6hz\">\n<div class=\"et_pb_blurb_2 et_pb_blurb et_pb_bg_layout_light et_pb_blurb_position_top et_pb_module et_flex_module preset--module--divi-blurb--a5avxpllq1\"><div class=\"et_pb_blurb_content et_flex_module\"><div class=\"et_pb_main_blurb_image\"><span class=\"et_pb_image_wrap\"><span class=\"et-pb-icon et_animated et_animated\">\uf505<\/span><\/span><\/div><div class=\"et_pb_blurb_container\"><h4 class=\"et_pb_module_header\">Protection<\/h4><div class=\"et_pb_blurb_description\"><p><span>La protection des actifs de nos clients et une continue \u00e9valuation des risques sont \u00e0 la base de chacun de nos services et d\u00e9cisions.<\/span><\/p>\n<\/div><\/div><\/div><\/div>\n\n<div class=\"et_pb_blurb_3 et_pb_blurb et_pb_bg_layout_light et_pb_blurb_position_top et_pb_module et_flex_module preset--module--divi-blurb--a5avxpllq1\"><div class=\"et_pb_blurb_content et_flex_module\"><div class=\"et_pb_main_blurb_image\"><span class=\"et_pb_image_wrap\"><span class=\"et-pb-icon et_animated et_animated\">\uf688<\/span><\/span><\/div><div class=\"et_pb_blurb_container\"><h4 class=\"et_pb_module_header\">Transparence<\/h4><div class=\"et_pb_blurb_description\"><p>En tant qu\u2019organisation ind\u00e9pendante, nous avons un acc\u00e8s privil\u00e9gi\u00e9 et institutionnel aux meilleures banques dans une vari\u00e9t\u00e9 de centres financiers \u00e0 l\u2019\u00e9chelle internationale.<\/p>\n<p>Nous sommes en mesure de n\u00e9gocier les meilleures conditions en toute absence de conflits d\u2019int\u00e9r\u00eats, fournissant des analyses compl\u00e8tes et transparentes des co\u00fbts r\u00e9els.<\/p>\n<\/div><\/div><\/div><\/div>\n<\/div>\n<\/div>\n\n<div class=\"et_pb_row_6 et_pb_row et_flex_row\">\n<div class=\"et_pb_column_6 et_pb_column et-last-child et_flex_column et_pb_css_mix_blend_mode_passthrough et_flex_column_24_24 et_flex_column_24_24_tablet et_flex_column_24_24_phone et_flex_column_24_24_phoneWide et_flex_column_24_24_tabletWide et_flex_column_24_24_widescreen et_flex_column_24_24_ultraWide\">\n<div class=\"et_pb_module et_pb_button_module_wrapper et_pb_button_1_wrapper preset--module--divi-button--pq1jyn8044_wrapper\"><a class=\"et_pb_button_1 et_pb_button et_pb_bg_layout_light et_pb_module et_flex_module preset--module--divi-button--pq1jyn8044\" href=\"https:\/\/www.mpartners-finance.com\/fr\/partenaires\/\">Nos partenaires<\/a><\/div>\n<\/div>\n<\/div>\n<\/div>\n\n<div class=\"et_pb_section_3 et_pb_section et_section_regular et_flex_section preset--group--divi-section--divi-layout--nested--mf9eg9jynv preset--module--divi-section--hqgpknoegl\">\n<div class=\"et_pb_row_7 et_pb_row et_flex_row preset--module--divi-row--e1esqk6xh6\">\n<div class=\"et_pb_column_7 et_pb_column et-last-child et_flex_column et_pb_css_mix_blend_mode_passthrough et_flex_column_24_24 et_flex_column_24_24_tablet et_flex_column_24_24_phone et_flex_column_24_24_phoneWide et_flex_column_24_24_tabletWide et_flex_column_24_24_widescreen et_flex_column_24_24_ultraWide\">\n<div class=\"et_pb_heading_2 et_pb_heading et_pb_module et_flex_module preset--module--divi-heading--aecq5mjqou\"><div class=\"et_pb_heading_container\"><h3 class=\"et_pb_module_header\">Supervis\u00e9s par<\/h3><\/div><\/div>\n<\/div>\n<\/div>\n\n<div class=\"et_pb_row_8 et_pb_row et_flex_row preset--module--divi-row--e1esqk6xh6\">\n<div class=\"et_pb_column_8 et_pb_column et-last-child et_flex_column et_pb_css_mix_blend_mode_passthrough et_flex_column_24_24 et_flex_column_24_24_tablet et_flex_column_24_24_phone et_flex_column_24_24_phoneWide et_flex_column_24_24_tabletWide et_flex_column_24_24_widescreen et_flex_column_24_24_ultraWide preset--group--divi-column--divi-layout--nested--dg66j0gdqp preset--module--divi-column--puzjwmi6hz\">\n<div class=\"et_pb_image_1 et_pb_image et_pb_module et_block_module\"><a href=\"https:\/\/www.aoos.ch\/it\" target=\"_blank\" rel=\"noopener\"><span class=\"et_pb_image_wrap\"><img loading=\"lazy\" decoding=\"async\" src=\"https:\/\/www.mpartners-finance.com\/wp-content\/uploads\/2026\/03\/Logo-AOOS.png\" width=\"400\" height=\"250\" srcset=\"https:\/\/www.mpartners-finance.com\/wp-content\/uploads\/2026\/03\/Logo-AOOS.png 400w, https:\/\/www.mpartners-finance.com\/wp-content\/uploads\/2026\/03\/Logo-AOOS-300x188.png 300w\" sizes=\"(max-width: 400px) 100vw, 400px\" class=\"wp-image-1129\" alt=\"Logo AOOS\" title=\"Logo-AOOS\" \/><\/span><\/a><\/div>\n\n<div class=\"et_pb_image_2 et_pb_image et_pb_module et_block_module\"><a href=\"https:\/\/www.vsv-asg.ch\/it\/\" target=\"_blank\" rel=\"noopener\"><span class=\"et_pb_image_wrap\"><img loading=\"lazy\" decoding=\"async\" src=\"https:\/\/www.mpartners-finance.com\/wp-content\/uploads\/2026\/03\/Logo-VSV-ASG.png\" width=\"400\" height=\"250\" srcset=\"https:\/\/www.mpartners-finance.com\/wp-content\/uploads\/2026\/03\/Logo-VSV-ASG.png 400w, https:\/\/www.mpartners-finance.com\/wp-content\/uploads\/2026\/03\/Logo-VSV-ASG-300x188.png 300w\" sizes=\"(max-width: 400px) 100vw, 400px\" class=\"wp-image-1130\" alt=\"Logo VSV ASG\" title=\"Logo-VSV-ASG\" \/><\/span><\/a><\/div>\n<\/div>\n<\/div>\n<\/div>\n\n<div class=\"et_pb_section_4 et_pb_section et_section_regular et_flex_section preset--group--divi-section--divi-layout--nested--mf9eg9jynv preset--module--divi-section--hqgpknoegl\">\n<div class=\"et_pb_row_9 et_pb_row et_flex_row preset--module--divi-row--e1esqk6xh6\">\n<div class=\"et_pb_column_9 et_pb_column et-last-child et_flex_column et_pb_css_mix_blend_mode_passthrough et_flex_column_24_24 et_flex_column_24_24_tablet et_flex_column_24_24_phone et_flex_column_24_24_phoneWide et_flex_column_24_24_tabletWide et_flex_column_24_24_widescreen et_flex_column_24_24_ultraWide\">\n<div class=\"et_pb_heading_3 et_pb_heading et_pb_module et_flex_module preset--module--divi-heading--aecq5mjqou\"><div class=\"et_pb_heading_container\"><h3 class=\"et_pb_module_header\">Services<\/h3><\/div><\/div>\n<\/div>\n<\/div>\n\n<div class=\"et_pb_row_10 et_pb_row et_flex_row preset--module--divi-row--e1esqk6xh6\">\n<div class=\"et_pb_column_10 et_pb_column et-last-child et_flex_column et_pb_css_mix_blend_mode_passthrough et_flex_column_24_24 et_flex_column_24_24_tablet et_flex_column_24_24_phone et_flex_column_24_24_phoneWide et_flex_column_24_24_tabletWide et_flex_column_24_24_widescreen et_flex_column_24_24_ultraWide preset--group--divi-column--divi-layout--nested--dg66j0gdqp preset--module--divi-column--puzjwmi6hz\">\n<div class=\"et_pb_blurb_4 et_pb_blurb et_pb_bg_layout_light et_pb_blurb_position_top et_pb_module et_flex_module preset--module--divi-blurb--a5avxpllq1\"><div class=\"et_pb_blurb_content et_flex_module\"><div class=\"et_pb_main_blurb_image\"><span class=\"et_pb_image_wrap\"><span class=\"et-pb-icon et_animated et_animated\">\uf0c0<\/span><\/span><\/div><div class=\"et_pb_blurb_container\"><h4 class=\"et_pb_module_header\">Family Office<\/h4><div class=\"et_pb_blurb_description\"><p><span>Nous accompagnons le client dans chaque d\u00e9cision concernant la sph\u00e8re familiale, en le guidant dans l\u2019investissement et la planification de ses \u00e9conomies, avec l\u2019objectif de prot\u00e9ger et d\u2019accro\u00eetre le patrimoine confi\u00e9.<\/span><\/p>\n<ul>\n<li>Planification successorale et assurance.<\/li>\n<li>Optimisation fiscale: nationale et internationale.<\/li>\n<\/ul>\n<\/div><\/div><\/div><\/div>\n\n<div class=\"et_pb_blurb_5 et_pb_blurb et_pb_bg_layout_light et_pb_blurb_position_top et_pb_module et_flex_module preset--module--divi-blurb--a5avxpllq1\"><div class=\"et_pb_blurb_content et_flex_module\"><div class=\"et_pb_main_blurb_image\"><span class=\"et_pb_image_wrap\"><span class=\"et-pb-icon et_animated et_animated\">\uf4c0<\/span><\/span><\/div><div class=\"et_pb_blurb_container\"><h4 class=\"et_pb_module_header\">Gestion de patrimoine<\/h4><div class=\"et_pb_blurb_description\"><p><span>Nous offrons des solutions financi\u00e8res sur mesure adapt\u00e9es aux exigences de chaque client ainsi que des strat\u00e9gies personnalis\u00e9es dans le but de maximiser les opportunit\u00e9s de march\u00e9 et de minimiser les risques li\u00e9s \u00e0 la volatilit\u00e9 des portefeuilles.<\/span><\/p>\n<ul>\n<li>Gestion et analyse du patrimoine global du client.<\/li>\n<li>Analyse d\u00e9taill\u00e9e des co\u00fbts de structure.<\/li>\n<li>Analyse et optimisation du profil risque\/rendement.<\/li>\n<\/ul>\n<\/div><\/div><\/div><\/div>\n<\/div>\n<\/div>\n\n<div class=\"et_pb_row_11 et_pb_row et_flex_row\">\n<div class=\"et_pb_column_11 et_pb_column et-last-child et_flex_column et_pb_css_mix_blend_mode_passthrough et_flex_column_24_24 et_flex_column_24_24_tablet et_flex_column_24_24_phone et_flex_column_24_24_phoneWide et_flex_column_24_24_tabletWide et_flex_column_24_24_widescreen et_flex_column_24_24_ultraWide\">\n<div class=\"et_pb_module et_pb_button_module_wrapper et_pb_button_2_wrapper preset--module--divi-button--pq1jyn8044_wrapper\"><a class=\"et_pb_button_2 et_pb_button et_pb_bg_layout_light et_pb_module et_flex_module preset--module--divi-button--pq1jyn8044\" href=\"https:\/\/www.mpartners-finance.com\/fr\/services\/\">Nos prestations<\/a><\/div>\n<\/div>\n<\/div>\n<\/div>\n\n","protected":false},"excerpt":{"rendered":"","protected":false},"author":2,"featured_media":1692,"parent":0,"menu_order":0,"comment_status":"closed","ping_status":"closed","template":"","meta":{"footnotes":""},"class_list":["post-1691","page","type-page","status-publish","has-post-thumbnail","hentry"],"_links":{"self":[{"href":"https:\/\/www.mpartners-finance.com\/fr\/wp-json\/wp\/v2\/pages\/1691","targetHints":{"allow":["GET"]}}],"collection":[{"href":"https:\/\/www.mpartners-finance.com\/fr\/wp-json\/wp\/v2\/pages"}],"about":[{"href":"https:\/\/www.mpartners-finance.com\/fr\/wp-json\/wp\/v2\/types\/page"}],"author":[{"embeddable":true,"href":"https:\/\/www.mpartners-finance.com\/fr\/wp-json\/wp\/v2\/users\/2"}],"replies":[{"embeddable":true,"href":"https:\/\/www.mpartners-finance.com\/fr\/wp-json\/wp\/v2\/comments?post=1691"}],"version-history":[{"count":1,"href":"https:\/\/www.mpartners-finance.com\/fr\/wp-json\/wp\/v2\/pages\/1691\/revisions"}],"predecessor-version":[{"id":2122,"href":"https:\/\/www.mpartners-finance.com\/fr\/wp-json\/wp\/v2\/pages\/1691\/revisions\/2122"}],"wp:featuredmedia":[{"embeddable":true,"href":"https:\/\/www.mpartners-finance.com\/fr\/wp-json\/wp\/v2\/media\/1692"}],"wp:attachment":[{"href":"https:\/\/www.mpartners-finance.com\/fr\/wp-json\/wp\/v2\/media?parent=1691"}],"curies":[{"name":"wp","href":"https:\/\/api.w.org\/{rel}","templated":true}]}}