{"id":1933,"date":"2026-03-24T15:30:12","date_gmt":"2026-03-24T14:30:12","guid":{"rendered":"https:\/\/www.mpartners-finance.com\/dichiarazione-di-accessibilita\/"},"modified":"2026-04-07T11:11:04","modified_gmt":"2026-04-07T09:11:04","slug":"declaration-daccessibilite","status":"publish","type":"page","link":"https:\/\/www.mpartners-finance.com\/fr\/declaration-daccessibilite\/","title":{"rendered":"D\u00e9claration d\u2019accessibilit\u00e9"},"content":{"rendered":"<div class=\"et_pb_section_0 et_pb_section et_section_regular et_block_section preset--group--divi-section--divi-layout--hp3jn2g--nested--mf9eg9jynv preset--module--divi-section--hqgpknoegl\">\n<div class=\"et_pb_row_0 et_pb_row et_block_row preset--module--divi-row--e1esqk6xh6\">\n<div class=\"et_pb_column_0 et_pb_column et_pb_column_4_4 et-last-child et_block_column et_pb_css_mix_blend_mode_passthrough\">\n<div class=\"et_pb_group_0 et_pb_group et-last-child et_pb_module et_flex_group et_pb_css_mix_blend_mode_passthrough\">\n<div class=\"et_pb_heading_0 et_pb_heading et_pb_module et_flex_module preset--module--divi-heading--c66c7e13v5\"><div class=\"et_pb_heading_container\"><h1 class=\"et_pb_module_header\">D\u00e9claration d\u2019accessibilit\u00e9<\/h1><\/div>\n<div class=\"et_pb_text_0 et_pb_text et_pb_bg_layout_light et_pb_module et_flex_module preset--module--divi-text--mgi0t6kqb0\"><div class=\"et_pb_text_inner\"><p>Notre d\u00e9claration d'accessibilit\u00e9<\/p>\n<\/div><\/div>\n<\/div>\n<\/div>\n<\/div>\n<\/div>\n<\/div>\n\n<div class=\"et_pb_section_1 et_pb_section et_section_regular et_block_section\">\n<div class=\"et_pb_row_1 et_pb_row et_block_row preset--module--divi-row--e1esqk6xh6\">\n<div class=\"et_pb_column_1 et_pb_column et_pb_column_4_4 et-last-child et_block_column et_pb_css_mix_blend_mode_passthrough\">\n<div class=\"et_pb_code_0 et_pb_code et_pb_module\"><div class=\"et_pb_code_inner\"><nav aria-label=\"breadcrumbs\" class=\"rank-math-breadcrumb\"><p><span class=\"last\">Home<\/span><\/p><\/nav><\/div><\/div>\n<\/div>\n<\/div>\n<\/div>\n\n<div class=\"et_pb_section_2 et_pb_section et_section_regular et_flex_section preset--group--divi-section--divi-layout--hp3jn2g--nested--mf9eg9jynv preset--module--divi-section--hqgpknoegl\">\n<div class=\"et_pb_row_2 et_pb_row et_flex_row preset--module--divi-row--e1esqk6xh6\">\n<div class=\"et_pb_column_2 et_pb_column et-last-child et_flex_column et_pb_css_mix_blend_mode_passthrough et_flex_column_24_24 et_flex_column_24_24_tablet et_flex_column_24_24_phone et_flex_column_24_24_phoneWide et_flex_column_24_24_tabletWide et_flex_column_24_24_widescreen et_flex_column_24_24_ultraWide\">\n<div class=\"et_pb_text_1 et_pb_text et_pb_bg_layout_light et_pb_module et_flex_module preset--module--divi-text--mgi0t6kqb0\"><div class=\"et_pb_text_inner\"><p><strong>M &amp; Partners Finance SA<\/strong> s\u2019engage \u00e0 rendre son site web accessible conform\u00e9ment aux <strong>WCAG 2.1 \u2013 niveau AA et \u00e0 l\u2019European Accessibility Act (EAA)<\/strong>, en vigueur depuis le 28 juin 2025.<\/p>\n<\/div><\/div>\n\n<div class=\"et_pb_heading_1 et_pb_heading et_pb_module et_flex_module preset--module--divi-heading--acz58cgf76\"><div class=\"et_pb_heading_container\"><h2 class=\"et_pb_module_header\">Champ d\u2019application<\/h2><\/div><\/div>\n\n<div class=\"et_pb_text_2 et_pb_text et_pb_bg_layout_light et_pb_module et_flex_module preset--module--divi-text--mgi0t6kqb0\"><div class=\"et_pb_text_inner\"><p>Cette d\u00e9claration s\u2019applique au site web: <strong>https:\/\/www.mpartners-finance.com\/<\/strong><\/p>\n<\/div><\/div>\n\n<div class=\"et_pb_heading_2 et_pb_heading et_pb_module et_flex_module preset--module--divi-heading--acz58cgf76\"><div class=\"et_pb_heading_container\"><h2 class=\"et_pb_module_header\">\u00c9tat de conformit\u00e9<\/h2><\/div><\/div>\n\n<div class=\"et_pb_text_3 et_pb_text et_pb_bg_layout_light et_pb_module et_flex_module preset--module--divi-text--mgi0t6kqb0\"><div class=\"et_pb_text_inner\"><p>Le site est <strong>partiellement conforme<\/strong> aux exigences de la norme<strong> UNI EN 301549:2018 (WCAG 2.1)<\/strong> et des WCAG 2.0, en raison des limitations ci-dessous.<\/p>\n<p>Mesures mises en place:<\/p>\n<ul>\n<li>Utilisation d\u2019un langage clair et lisible<\/li>\n<li>Mise en page responsive sur tous les appareils<\/li>\n<li>Contrastes visuels ad\u00e9quats<\/li>\n<li>Navigation au clavier activ\u00e9e<\/li>\n<li>Compatibilit\u00e9 avec les principaux lecteurs d\u2019\u00e9cran<\/li>\n<li>Textes alternatifs descriptifs pour les images principales<\/li>\n<li>V\u00e9rifications via outils automatiques et tests manuels<\/li>\n<\/ul>\n<blockquote>\n<p>Remarque : bien que certains crit\u00e8res AAA soient vis\u00e9s, la conformit\u00e9 officielle est niveau <strong>AA<\/strong>.<\/p>\n<\/blockquote>\n<\/div><\/div>\n\n<div class=\"et_pb_heading_3 et_pb_heading et_pb_module et_flex_module preset--module--divi-heading--aecq5mjqou\"><div class=\"et_pb_heading_container\"><h3 class=\"et_pb_module_header\">Contenus non accessibles<\/h3><\/div><\/div>\n\n<div class=\"et_pb_text_4 et_pb_text et_pb_bg_layout_light et_pb_module et_flex_module preset--module--divi-text--mgi0t6kqb0\"><div class=\"et_pb_text_inner\"><p>Certaines sections peuvent ne pas \u00eatre enti\u00e8rement accessibles:<\/p>\n<ul>\n<li>Certains fichiers PDF peuvent ne pas \u00eatre compatibles<\/li>\n<li>Les vid\u00e9os tierces peuvent ne pas inclure de sous-titres ou transcriptions<\/li>\n<li>Certains \u00e9l\u00e9ments dynamiques n\u00e9cessitent des am\u00e9liorations ARIA<\/li>\n<\/ul>\n<p>Des am\u00e9liorations sont en cours.<\/p>\n<\/div><\/div>\n\n<div class=\"et_pb_heading_4 et_pb_heading et_pb_module et_flex_module preset--module--divi-heading--aecq5mjqou\"><div class=\"et_pb_heading_container\"><h3 class=\"et_pb_module_header\">European Accessibility Act (EAA)<\/h3><\/div><\/div>\n\n<div class=\"et_pb_text_5 et_pb_text et_pb_bg_layout_light et_pb_module et_flex_module preset--module--divi-text--mgi0t6kqb0\"><div class=\"et_pb_text_inner\"><p>Le site est con\u00e7u pour garantir:<\/p>\n<ul>\n<li>L\u2019interop\u00e9rabilit\u00e9 avec les technologies d\u2019assistance<\/li>\n<li>Un acc\u00e8s simplifi\u00e9 aux contenus et services<\/li>\n<li>L\u2019accessibilit\u00e9 pour les personnes en situation de handicap<\/li>\n<\/ul>\n<p>Cette d\u00e9claration sera mise \u00e0 jour.<\/p>\n<\/div><\/div>\n\n<div class=\"et_pb_heading_5 et_pb_heading et_pb_module et_flex_module preset--module--divi-heading--aecq5mjqou\"><div class=\"et_pb_heading_container\"><h3 class=\"et_pb_module_header\">R\u00e9daction de la d\u00e9claration<\/h3><\/div><\/div>\n\n<div class=\"et_pb_text_6 et_pb_text et_pb_bg_layout_light et_pb_module et_flex_module preset--module--divi-text--mgi0t6kqb0\"><div class=\"et_pb_text_inner\"><p>Date: <strong>2 avril 2026<\/strong><\/p>\n<p>M\u00e9thode:<strong> auto-\u00e9valuation interne<\/strong><\/p>\n<\/div><\/div>\n\n<div class=\"et_pb_heading_6 et_pb_heading et_pb_module et_flex_module preset--module--divi-heading--2xgv7fyzzp\"><div class=\"et_pb_heading_container\"><h4 class=\"et_pb_module_header\">Contact<\/h4><\/div><\/div>\n\n<div class=\"et_pb_text_7 et_pb_text et_pb_bg_layout_light et_pb_module et_flex_module preset--module--divi-text--mgi0t6kqb0\"><div class=\"et_pb_text_inner\"><p>Email:<span> <strong>segreteria@mpartners-finance.com<\/strong><\/span><\/p>\n<p>D\u00e9lai de r\u00e9ponse: <strong>15 jours ouvrables<\/strong><\/p>\n<\/div><\/div>\n\n<div class=\"et_pb_heading_7 et_pb_heading et_pb_module et_flex_module preset--module--divi-heading--2xgv7fyzzp\"><div class=\"et_pb_heading_container\"><h4 class=\"et_pb_module_header\">Informations techniques<\/h4><\/div><\/div>\n\n<div class=\"et_pb_text_8 et_pb_text et_pb_bg_layout_light et_pb_module et_flex_module preset--module--divi-text--mgi0t6kqb0\"><div class=\"et_pb_text_inner\"><ul>\n<li>CMS: WordPress<\/li>\n<li>D\u00e9veloppement: L + V Design<\/li>\n<\/ul>\n<\/div><\/div>\n<\/div>\n<\/div>\n<\/div>","protected":false},"excerpt":{"rendered":"","protected":false},"author":2,"featured_media":0,"parent":0,"menu_order":0,"comment_status":"closed","ping_status":"closed","template":"","meta":{"footnotes":""},"class_list":["post-1933","page","type-page","status-publish","hentry"],"_links":{"self":[{"href":"https:\/\/www.mpartners-finance.com\/fr\/wp-json\/wp\/v2\/pages\/1933","targetHints":{"allow":["GET"]}}],"collection":[{"href":"https:\/\/www.mpartners-finance.com\/fr\/wp-json\/wp\/v2\/pages"}],"about":[{"href":"https:\/\/www.mpartners-finance.com\/fr\/wp-json\/wp\/v2\/types\/page"}],"author":[{"embeddable":true,"href":"https:\/\/www.mpartners-finance.com\/fr\/wp-json\/wp\/v2\/users\/2"}],"replies":[{"embeddable":true,"href":"https:\/\/www.mpartners-finance.com\/fr\/wp-json\/wp\/v2\/comments?post=1933"}],"version-history":[{"count":0,"href":"https:\/\/www.mpartners-finance.com\/fr\/wp-json\/wp\/v2\/pages\/1933\/revisions"}],"wp:attachment":[{"href":"https:\/\/www.mpartners-finance.com\/fr\/wp-json\/wp\/v2\/media?parent=1933"}],"curies":[{"name":"wp","href":"https:\/\/api.w.org\/{rel}","templated":true}]}}